{"id":7,"date":"2016-07-17T17:06:25","date_gmt":"2016-07-17T17:06:25","guid":{"rendered":"https:\/\/viveremmovimento.com.br\/viver\/?page_id=7"},"modified":"2024-02-16T17:00:47","modified_gmt":"2024-02-16T17:00:47","slug":"contato","status":"publish","type":"page","link":"https:\/\/viveremmovimento.com.br\/viver\/contato\/","title":{"rendered":"Contato"},"content":{"rendered":"<p style=\"text-align: justify;\">Entre em contato conosco para obter mais informa\u00e7\u00f5es sobre nossos servi\u00e7os e produtos. Nossa equipe pode ajud\u00e1-lo(a) a encontrar o que voc\u00ea precisa e orient\u00e1-lo(a) sobre as op\u00e7\u00f5es.<\/p>\n\n<p>&nbsp;<\/p>\n<p><a href=\"https:\/\/viveremmovimento.com.br\/viver\/contato\/orcamento\"><img loading=\"lazy\" decoding=\"async\" class=\"aligncenter size-full wp-image-467\" src=\"https:\/\/viveremmovimento.com.br\/viver\/wp-content\/uploads\/2019\/02\/orcamento.png\" alt=\"\" width=\"230\" height=\"89\"><\/a><\/p>\n","protected":false},"excerpt":{"rendered":"<p>Entre em contato conosco para obter mais informa\u00e7\u00f5es sobre nossos servi\u00e7os e produtos. Nossa equipe pode ajud\u00e1-lo(a) a encontrar o que voc\u00ea precisa e orient\u00e1-lo(a) sobre as op\u00e7\u00f5es. &nbsp;<\/p>\n","protected":false},"author":1,"featured_media":0,"parent":0,"menu_order":3,"comment_status":"closed","ping_status":"closed","template":"","meta":{"_eb_attr":"","ngg_post_thumbnail":0,"_themeisle_gutenberg_block_has_review":false,"footnotes":""},"class_list":["post-7","page","type-page","status-publish","hentry"],"_links":{"self":[{"href":"https:\/\/viveremmovimento.com.br\/viver\/wp-json\/wp\/v2\/pages\/7","targetHints":{"allow":["GET"]}}],"collection":[{"href":"https:\/\/viveremmovimento.com.br\/viver\/wp-json\/wp\/v2\/pages"}],"about":[{"href":"https:\/\/viveremmovimento.com.br\/viver\/wp-json\/wp\/v2\/types\/page"}],"author":[{"embeddable":true,"href":"https:\/\/viveremmovimento.com.br\/viver\/wp-json\/wp\/v2\/users\/1"}],"replies":[{"embeddable":true,"href":"https:\/\/viveremmovimento.com.br\/viver\/wp-json\/wp\/v2\/comments?post=7"}],"version-history":[{"count":11,"href":"https:\/\/viveremmovimento.com.br\/viver\/wp-json\/wp\/v2\/pages\/7\/revisions"}],"predecessor-version":[{"id":2083,"href":"https:\/\/viveremmovimento.com.br\/viver\/wp-json\/wp\/v2\/pages\/7\/revisions\/2083"}],"wp:attachment":[{"href":"https:\/\/viveremmovimento.com.br\/viver\/wp-json\/wp\/v2\/media?parent=7"}],"curies":[{"name":"wp","href":"https:\/\/api.w.org\/{rel}","templated":true}]}}