{"id":51,"date":"2016-07-21T15:39:09","date_gmt":"2016-07-21T15:39:09","guid":{"rendered":"https:\/\/viveremmovimento.com.br\/viver\/?page_id=51"},"modified":"2020-07-29T21:34:38","modified_gmt":"2020-07-29T21:34:38","slug":"educacao-online","status":"publish","type":"page","link":"https:\/\/viveremmovimento.com.br\/viver\/viver-em-movimento\/educacao-online\/","title":{"rendered":"Educa\u00e7\u00e3o Online"},"content":{"rendered":"<p style=\"text-align: justify;\">O Projeto Viver em Movimento, possui o programa com Videos de sugest\u00f5es em planejamento e atividades&nbsp; para professores e gestores da Rede de acordo com a Proposta T\u00e9cnica.<\/p>\n<p>\u00c9 um espa\u00e7o destinado ao professor, por meio do qual poder\u00e1 acessar diversos materiais que ser\u00e3o utilizados em seu trabalho durante o ano letivo. O objetivo desse espa\u00e7o \u00e9 disponibilizar todos os materiais ao corpo docente e tamb\u00e9m possibilitar a troca de experi\u00eancias por meio da utiliza\u00e7\u00e3o dos recursos dispon\u00edveis nessa ferramenta. Esse usu\u00e1rio ter\u00e1 acesso por tempo determinado de acordo com o contratado.<\/p>\n<p>No ambiente estudo, temos dispon\u00edveis os seguintes materiais:<br \/>\n\u2022 Planos de atividades.<br \/>\n\u2022 Encaminhamentos.<br \/>\n\u2022 Caderno de Registro<br \/>\n\u2022 Registro de avalia\u00e7\u00f5es.<br \/>\n\u2022 Mensagens.<\/p>\n<p style=\"text-align: justify;\"><strong><a href=\"https:\/\/ava.viveremmovimento.com.br\" target=\"_blank\" rel=\"noopener noreferrer\">Acesse aqui o seu ambiente de estudo.<\/a><\/strong><\/p>\n<p>&nbsp;<\/p>\n<p><a href=\"https:\/\/forms.gle\/E349SkHdSr7uWhQ27\" target=\"_blank\" rel=\"noopener noreferrer\"><img loading=\"lazy\" decoding=\"async\" class=\"aligncenter size-full wp-image-467\" src=\"https:\/\/viveremmovimento.com.br\/viver\/wp-content\/uploads\/2019\/02\/orcamento.png\" alt=\"\" width=\"230\" height=\"89\"><\/a><\/p>\n","protected":false},"excerpt":{"rendered":"<p>O Projeto Viver em Movimento, possui o programa com Videos de sugest\u00f5es em planejamento e atividades&nbsp; para professores e gestores da Rede de acordo com a Proposta T\u00e9cnica. \u00c9 um espa\u00e7o destinado ao professor, por meio do qual poder\u00e1 acessar diversos materiais que ser\u00e3o utilizados em seu trabalho durante o ano letivo. O objetivo desse <a href=\"https:\/\/viveremmovimento.com.br\/viver\/viver-em-movimento\/educacao-online\/\" rel=\"nofollow\"><span class=\"sr-only\">Leia mais sobreEduca\u00e7\u00e3o Online<\/span>[&hellip;]<\/a><\/p>\n","protected":false},"author":1,"featured_media":0,"parent":5,"menu_order":0,"comment_status":"closed","ping_status":"closed","template":"","meta":{"_eb_attr":"","ngg_post_thumbnail":0,"_themeisle_gutenberg_block_has_review":false,"footnotes":""},"class_list":["post-51","page","type-page","status-publish","hentry"],"_links":{"self":[{"href":"https:\/\/viveremmovimento.com.br\/viver\/wp-json\/wp\/v2\/pages\/51","targetHints":{"allow":["GET"]}}],"collection":[{"href":"https:\/\/viveremmovimento.com.br\/viver\/wp-json\/wp\/v2\/pages"}],"about":[{"href":"https:\/\/viveremmovimento.com.br\/viver\/wp-json\/wp\/v2\/types\/page"}],"author":[{"embeddable":true,"href":"https:\/\/viveremmovimento.com.br\/viver\/wp-json\/wp\/v2\/users\/1"}],"replies":[{"embeddable":true,"href":"https:\/\/viveremmovimento.com.br\/viver\/wp-json\/wp\/v2\/comments?post=51"}],"version-history":[{"count":10,"href":"https:\/\/viveremmovimento.com.br\/viver\/wp-json\/wp\/v2\/pages\/51\/revisions"}],"predecessor-version":[{"id":814,"href":"https:\/\/viveremmovimento.com.br\/viver\/wp-json\/wp\/v2\/pages\/51\/revisions\/814"}],"up":[{"embeddable":true,"href":"https:\/\/viveremmovimento.com.br\/viver\/wp-json\/wp\/v2\/pages\/5"}],"wp:attachment":[{"href":"https:\/\/viveremmovimento.com.br\/viver\/wp-json\/wp\/v2\/media?parent=51"}],"curies":[{"name":"wp","href":"https:\/\/api.w.org\/{rel}","templated":true}]}}