{"id":48,"date":"2016-07-21T15:36:54","date_gmt":"2016-07-21T15:36:54","guid":{"rendered":"https:\/\/viveremmovimento.com.br\/viver\/?page_id=48"},"modified":"2019-12-22T01:39:33","modified_gmt":"2019-12-22T01:39:33","slug":"material-de-apoio","status":"publish","type":"page","link":"https:\/\/viveremmovimento.com.br\/viver\/viver-em-movimento\/material-de-apoio\/","title":{"rendered":"Material de Apoio"},"content":{"rendered":"<p style=\"text-align: justify;\">Cole\u00e7\u00e3o de material digital paradid\u00e1tico que traz a concep\u00e7\u00e3o na pr\u00e1tica esportiva, o desenvolvimento de valores essenciais para a vida em sociedade, al\u00e9m de respeitar o tempo de desenvolvimento do aluno de cada um dos anos. Desta forma, apresenta um material de orienta\u00e7\u00f5es, planejamento de aulas e atividades. O Material estar\u00e1 dispon\u00edvel para o professor na Plataforma de Estudos Viver em Movimento.<\/p>\n<p style=\"text-align: justify;\"><img loading=\"lazy\" decoding=\"async\" class=\"aligncenter wp-image-458 size-full\" src=\"https:\/\/viveremmovimento.com.br\/viver\/wp-content\/uploads\/2019\/02\/bannermaterial.png\" alt=\"\" width=\"813\" height=\"398\" srcset=\"https:\/\/viveremmovimento.com.br\/viver\/wp-content\/uploads\/2019\/02\/bannermaterial.png 813w, https:\/\/viveremmovimento.com.br\/viver\/wp-content\/uploads\/2019\/02\/bannermaterial-300x147.png 300w, https:\/\/viveremmovimento.com.br\/viver\/wp-content\/uploads\/2019\/02\/bannermaterial-768x376.png 768w\" sizes=\"auto, (max-width: 813px) 100vw, 813px\" \/><\/p>\n<p><a href=\"https:\/\/forms.gle\/E349SkHdSr7uWhQ27\" target=\"_blank\" rel=\"noopener noreferrer\"><img loading=\"lazy\" decoding=\"async\" class=\"aligncenter size-full wp-image-467\" src=\"https:\/\/viveremmovimento.com.br\/viver\/wp-content\/uploads\/2019\/02\/orcamento.png\" alt=\"\" width=\"230\" height=\"89\"><\/a><\/p>\n","protected":false},"excerpt":{"rendered":"<p>Cole\u00e7\u00e3o de material digital paradid\u00e1tico que traz a concep\u00e7\u00e3o na pr\u00e1tica esportiva, o desenvolvimento de valores essenciais para a vida em sociedade, al\u00e9m de respeitar o tempo de desenvolvimento do aluno de cada um dos anos. Desta forma, apresenta um material de orienta\u00e7\u00f5es, planejamento de aulas e atividades. O Material estar\u00e1 dispon\u00edvel para o professor <a href=\"https:\/\/viveremmovimento.com.br\/viver\/viver-em-movimento\/material-de-apoio\/\" rel=\"nofollow\"><span class=\"sr-only\">Leia mais sobreMaterial de Apoio<\/span>[&hellip;]<\/a><\/p>\n","protected":false},"author":1,"featured_media":0,"parent":5,"menu_order":0,"comment_status":"closed","ping_status":"closed","template":"","meta":{"_eb_attr":"","ngg_post_thumbnail":0,"_themeisle_gutenberg_block_has_review":false,"footnotes":""},"class_list":["post-48","page","type-page","status-publish","hentry"],"_links":{"self":[{"href":"https:\/\/viveremmovimento.com.br\/viver\/wp-json\/wp\/v2\/pages\/48","targetHints":{"allow":["GET"]}}],"collection":[{"href":"https:\/\/viveremmovimento.com.br\/viver\/wp-json\/wp\/v2\/pages"}],"about":[{"href":"https:\/\/viveremmovimento.com.br\/viver\/wp-json\/wp\/v2\/types\/page"}],"author":[{"embeddable":true,"href":"https:\/\/viveremmovimento.com.br\/viver\/wp-json\/wp\/v2\/users\/1"}],"replies":[{"embeddable":true,"href":"https:\/\/viveremmovimento.com.br\/viver\/wp-json\/wp\/v2\/comments?post=48"}],"version-history":[{"count":12,"href":"https:\/\/viveremmovimento.com.br\/viver\/wp-json\/wp\/v2\/pages\/48\/revisions"}],"predecessor-version":[{"id":630,"href":"https:\/\/viveremmovimento.com.br\/viver\/wp-json\/wp\/v2\/pages\/48\/revisions\/630"}],"up":[{"embeddable":true,"href":"https:\/\/viveremmovimento.com.br\/viver\/wp-json\/wp\/v2\/pages\/5"}],"wp:attachment":[{"href":"https:\/\/viveremmovimento.com.br\/viver\/wp-json\/wp\/v2\/media?parent=48"}],"curies":[{"name":"wp","href":"https:\/\/api.w.org\/{rel}","templated":true}]}}