{"id":44,"date":"2016-07-21T15:34:31","date_gmt":"2016-07-21T15:34:31","guid":{"rendered":"https:\/\/viveremmovimento.com.br\/viver\/?page_id=44"},"modified":"2019-12-22T19:55:43","modified_gmt":"2019-12-22T19:55:43","slug":"assessoria-pedagogica","status":"publish","type":"page","link":"https:\/\/viveremmovimento.com.br\/viver\/produtos-e-servicos\/assessoria-pedagogica\/","title":{"rendered":"Assessoria Pedag\u00f3gica"},"content":{"rendered":"<p><strong>O atendimento pedag\u00f3gico se dar\u00e1 envolvendo as seguintes a\u00e7\u00f5es:<\/strong><\/p>\n<ul>\n<li>Implanta\u00e7\u00e3o do projeto Viver em Movimento;<\/li>\n<li>Assessoria Pedag\u00f3gica | Identifica\u00e7\u00e3o, Planejamento e Execu\u00e7\u00e3o;&nbsp;\n<ul>\n<li>Servi\u00e7o on line (WhattsApp &#8211; Skype)<\/li>\n<\/ul>\n<\/li>\n<li>Servi\u00e7o telef\u00f4nico;<\/li>\n<li>Contato por e-mail.<\/li>\n<\/ul>\n<p>&nbsp;<\/p>\n<p><a href=\"https:\/\/viveremmovimento.com.br\/viver\/contato\/orcamento\"><img loading=\"lazy\" decoding=\"async\" class=\"aligncenter size-full wp-image-467\" src=\"https:\/\/viveremmovimento.com.br\/viver\/wp-content\/uploads\/2019\/02\/orcamento.png\" alt=\"\" width=\"230\" height=\"89\"><\/a><\/p>\n\n\n<p><\/p>\n","protected":false},"excerpt":{"rendered":"<p>O atendimento pedag\u00f3gico se dar\u00e1 envolvendo as seguintes a\u00e7\u00f5es: Implanta\u00e7\u00e3o do projeto Viver em Movimento; Assessoria Pedag\u00f3gica | Identifica\u00e7\u00e3o, Planejamento e Execu\u00e7\u00e3o;&nbsp; Servi\u00e7o on line (WhattsApp &#8211; Skype) Servi\u00e7o telef\u00f4nico; Contato por e-mail. &nbsp;<\/p>\n","protected":false},"author":1,"featured_media":0,"parent":29,"menu_order":0,"comment_status":"closed","ping_status":"closed","template":"","meta":{"_eb_attr":"","ngg_post_thumbnail":0,"_themeisle_gutenberg_block_has_review":false,"footnotes":""},"class_list":["post-44","page","type-page","status-publish","hentry"],"_links":{"self":[{"href":"https:\/\/viveremmovimento.com.br\/viver\/wp-json\/wp\/v2\/pages\/44","targetHints":{"allow":["GET"]}}],"collection":[{"href":"https:\/\/viveremmovimento.com.br\/viver\/wp-json\/wp\/v2\/pages"}],"about":[{"href":"https:\/\/viveremmovimento.com.br\/viver\/wp-json\/wp\/v2\/types\/page"}],"author":[{"embeddable":true,"href":"https:\/\/viveremmovimento.com.br\/viver\/wp-json\/wp\/v2\/users\/1"}],"replies":[{"embeddable":true,"href":"https:\/\/viveremmovimento.com.br\/viver\/wp-json\/wp\/v2\/comments?post=44"}],"version-history":[{"count":3,"href":"https:\/\/viveremmovimento.com.br\/viver\/wp-json\/wp\/v2\/pages\/44\/revisions"}],"predecessor-version":[{"id":631,"href":"https:\/\/viveremmovimento.com.br\/viver\/wp-json\/wp\/v2\/pages\/44\/revisions\/631"}],"up":[{"embeddable":true,"href":"https:\/\/viveremmovimento.com.br\/viver\/wp-json\/wp\/v2\/pages\/29"}],"wp:attachment":[{"href":"https:\/\/viveremmovimento.com.br\/viver\/wp-json\/wp\/v2\/media?parent=44"}],"curies":[{"name":"wp","href":"https:\/\/api.w.org\/{rel}","templated":true}]}}