{"id":2060,"date":"2024-02-15T19:40:15","date_gmt":"2024-02-15T19:40:15","guid":{"rendered":"https:\/\/viveremmovimento.com.br\/viver\/?page_id=2060"},"modified":"2025-05-18T00:12:53","modified_gmt":"2025-05-18T00:12:53","slug":"qualivida","status":"publish","type":"page","link":"https:\/\/viveremmovimento.com.br\/viver\/viver-em-movimento\/qualivida\/","title":{"rendered":"Swile"},"content":{"rendered":"\n<hr class=\"wp-block-separator has-css-opacity\"\/>\n\n\n\n<div class=\"wp-block-group\"><div class=\"wp-block-group__inner-container is-layout-flow wp-block-group-is-layout-flow\">\n<div id=\"wp-block-themeisle-blocks-advanced-columns-ccf8835d\" class=\"wp-block-themeisle-blocks-advanced-columns has-1-columns has-desktop-equal-layout has-tablet-equal-layout has-mobile-equal-layout has-vertical-flex-start has-default-gap\"><div class=\"wp-block-themeisle-blocks-advanced-columns-overlay\"><\/div><div class=\"innerblocks-wrap\">\n<div id=\"wp-block-themeisle-blocks-advanced-column-701b5a4d\" class=\"wp-block-themeisle-blocks-advanced-column\">\n<iframe loading=\"lazy\" style=\"border: 0;\" src=\"https:\/\/pitch.com\/public\/6704862b-634c-4810-88e5-eb31a898d1dc\/f9ab1982-2589-4d4b-8e7c-9d155eea5f9c\" width=\"1280px\" height=\"460px\" frameborder=\"0\" scrolling=\"no\"><\/iframe>\n<\/div>\n<\/div><\/div>\n<\/div><\/div>\n\n\n\n<blockquote class=\"wp-block-quote has-text-align-left is-style-default is-layout-flow wp-block-quote-is-layout-flow\">\n<p><span class=\"has-inline-color has-cyan-bluish-gray-color\">Eleve o bem-estar da sua equipe com Swile Benef\u00edcios Flex\u00edveis! Oferecemos solu\u00e7\u00f5es personalizadas para atender \u00e0s necessidades individuais de seus colaboradores. Al\u00e9m disso, inclu\u00edmos Totalpass para promover a sa\u00fade f\u00edsica e Vittude para cuidar da sa\u00fade mental. Proporcione um ambiente de trabalho mais saud\u00e1vel e produtivo. Converse conosco para descobrir como podemos fazer a diferen\u00e7a para o seu time!<\/span><\/p>\n<cite> <p>Swile Benef\u00edcios Flex\u00edveis<\/p><\/cite><\/blockquote>\n\n\n\n<hr class=\"wp-block-separator has-css-opacity\"\/>\n\n\n\n<div class=\"wp-block-buttons is-horizontal is-content-justification-center is-layout-flex wp-container-core-buttons-is-layout-499968f5 wp-block-buttons-is-layout-flex\">\n<div class=\"wp-block-button is-style-fill\"><a class=\"wp-block-button__link wp-element-button\" href=\"https:\/\/forms.office.com\/r\/jf9y525dp7?origin=lprLink\">Converse com nossa equipe<\/a><\/div>\n<\/div>\n","protected":false},"excerpt":{"rendered":"<p>Eleve o bem-estar da sua equipe com Swile Benef\u00edcios Flex\u00edveis! Oferecemos solu\u00e7\u00f5es personalizadas para atender \u00e0s necessidades individuais de seus colaboradores. Al\u00e9m disso, inclu\u00edmos Totalpass para promover a sa\u00fade f\u00edsica e Vittude para cuidar da sa\u00fade mental. Proporcione um ambiente de trabalho mais saud\u00e1vel e produtivo. Converse conosco para descobrir como podemos fazer a diferen\u00e7a <a href=\"https:\/\/viveremmovimento.com.br\/viver\/viver-em-movimento\/qualivida\/\" rel=\"nofollow\"><span class=\"sr-only\">Leia mais sobreSwile<\/span>[&hellip;]<\/a><\/p>\n","protected":false},"author":1,"featured_media":0,"parent":5,"menu_order":0,"comment_status":"closed","ping_status":"closed","template":"","meta":{"_eb_attr":"","ngg_post_thumbnail":0,"_themeisle_gutenberg_block_has_review":false,"footnotes":""},"class_list":["post-2060","page","type-page","status-publish","hentry"],"_links":{"self":[{"href":"https:\/\/viveremmovimento.com.br\/viver\/wp-json\/wp\/v2\/pages\/2060","targetHints":{"allow":["GET"]}}],"collection":[{"href":"https:\/\/viveremmovimento.com.br\/viver\/wp-json\/wp\/v2\/pages"}],"about":[{"href":"https:\/\/viveremmovimento.com.br\/viver\/wp-json\/wp\/v2\/types\/page"}],"author":[{"embeddable":true,"href":"https:\/\/viveremmovimento.com.br\/viver\/wp-json\/wp\/v2\/users\/1"}],"replies":[{"embeddable":true,"href":"https:\/\/viveremmovimento.com.br\/viver\/wp-json\/wp\/v2\/comments?post=2060"}],"version-history":[{"count":15,"href":"https:\/\/viveremmovimento.com.br\/viver\/wp-json\/wp\/v2\/pages\/2060\/revisions"}],"predecessor-version":[{"id":2813,"href":"https:\/\/viveremmovimento.com.br\/viver\/wp-json\/wp\/v2\/pages\/2060\/revisions\/2813"}],"up":[{"embeddable":true,"href":"https:\/\/viveremmovimento.com.br\/viver\/wp-json\/wp\/v2\/pages\/5"}],"wp:attachment":[{"href":"https:\/\/viveremmovimento.com.br\/viver\/wp-json\/wp\/v2\/media?parent=2060"}],"curies":[{"name":"wp","href":"https:\/\/api.w.org\/{rel}","templated":true}]}}